{"id":746,"date":"2021-01-07T11:00:39","date_gmt":"2021-01-07T10:00:39","guid":{"rendered":"http:\/\/radio.xreflector.es\/?page_id=746"},"modified":"2021-05-17T09:39:48","modified_gmt":"2021-05-17T07:39:48","slug":"configurar-pi-star-ea7ee-y-placa-mmdvm-para-yaesu-fusion-ii-dmr","status":"publish","type":"page","link":"https:\/\/radio.xreflector.es\/index.php\/configurar-pi-star-ea7ee-y-placa-mmdvm-para-yaesu-fusion-ii-dmr\/","title":{"rendered":"Configurar Pi-Star EA7EE Y Placa MMDVM Para Yaesu Fusion II &#038; DMR"},"content":{"rendered":"\n<div class=\"wp-block-image\"><figure class=\"aligncenter size-large is-resized\"><img loading=\"lazy\" decoding=\"async\" src=\"https:\/\/radio.xreflector.es\/wp-content\/uploads\/2021\/01\/ee.jpg\" alt=\"\" class=\"wp-image-747\" width=\"660\" height=\"501\" srcset=\"https:\/\/radio.xreflector.es\/wp-content\/uploads\/2021\/01\/ee.jpg 855w, https:\/\/radio.xreflector.es\/wp-content\/uploads\/2021\/01\/ee-300x228.jpg 300w, https:\/\/radio.xreflector.es\/wp-content\/uploads\/2021\/01\/ee-768x584.jpg 768w, https:\/\/radio.xreflector.es\/wp-content\/uploads\/2021\/01\/ee-750x570.jpg 750w\" sizes=\"auto, (max-width: 660px) 100vw, 660px\" \/><\/figure><\/div>\n\n\n\n<p><\/p>\n\n\n\n<p><strong>Grabar imagen :<\/strong><\/p>\n\n\n\n<p>Para configurar el hotspot debemos bajarnos una imagen de la p\u00e1gina web de:<a rel=\"noreferrer noopener\" href=\"http:\/\/pistar.c4fm.es\/\" target=\"_blank\">http:\/\/pistar.c4fm.es\/<\/a><\/p>\n\n\n\n<p>Una vez formateada la tarjeta micro SD procederemos a grabar la imagen que hemos descargado, para ello utilizaremos el programa \u00abWin32 Disk Imager\u00bb, el cual podemos descargarlo del <a rel=\"noreferrer noopener\" href=\"https:\/\/sourceforge.net\/projects\/win32diskimager\/\" target=\"_blank\">siguiente enlace<\/a>.<\/p>\n\n\n\n<figure class=\"wp-block-image size-large\"><img loading=\"lazy\" decoding=\"async\" width=\"894\" height=\"633\" src=\"https:\/\/radio.xreflector.es\/wp-content\/uploads\/2021\/05\/Sin-titulo-2.jpg\" alt=\"\" class=\"wp-image-1277\" srcset=\"https:\/\/radio.xreflector.es\/wp-content\/uploads\/2021\/05\/Sin-titulo-2.jpg 894w, https:\/\/radio.xreflector.es\/wp-content\/uploads\/2021\/05\/Sin-titulo-2-300x212.jpg 300w, https:\/\/radio.xreflector.es\/wp-content\/uploads\/2021\/05\/Sin-titulo-2-768x544.jpg 768w\" sizes=\"auto, (max-width: 894px) 100vw, 894px\" \/><\/figure>\n\n\n\n<p><strong>Archivo para conectarse a WiFi:<\/strong><\/p>\n\n\n\n<p>Esta herramienta se usa para crear su \u00abwpa_supplicant.conf\u00bb para usar con Pi-Star.<br>Todo lo que necesita hacer es ingresar su SSID (este es el nombre de su red inal\u00e1mbrica) y<br>el PSK correspondiente (esta es la clave precompartida o contrase\u00f1a) para esta red, cuando<br>presione \u00abEnviar\u00bb, el archivo de configuraci\u00f3n generado aparecer\u00e1 descargar a su computadora.<\/p>\n\n\n\n<p>Si necesita una configuraci\u00f3n para conectarse a cualquier red abierta disponible, deje las<br>l\u00edneas&nbsp;SSID y PSK&nbsp;vac\u00edas, la configuraci\u00f3n generada permitir\u00e1 que su Pi se conecte a cualquier red abierta disponible.<\/p>\n\n\n\n<p>Todo lo que necesita hacer entonces es colocarlo en el volumen de \u00abArranque\u00bb de su<br>tarjeta&nbsp;SD Pi-Star&nbsp;; esto aparecer\u00e1 cuando termine de escribir la tarjeta SD.<\/p>\n\n\n\n<p>Una vez que se inicie el sistema Pi-Star, agregar\u00e1 el archivo de configuraci\u00f3n para el WiFi y se reiniciar\u00e1.<\/p>\n\n\n\n<p><a href=\"https:\/\/www.pistar.uk\/wifi_builder.php\">https:\/\/www.pistar.uk\/wifi_builder.php<\/a><\/p>\n\n\n\n<p><strong>Configurar el hotspot:<\/strong><\/p>\n\n\n\n<p>Para entrar a la configuraci\u00f3n del hotspot deberemos abrir un navegador (de un ordenador que est\u00e9 en la misma red en la cual se ha conectado el hotspot) y escribir \u00abpi-star\/\u00bb (sin las comillas y con la barra al final).<\/p>\n\n\n\n<p>Y luego nos pedir\u00e1 usuario y contrase\u00f1a. El usuario es \u00abpi-star\u00bb y la contrase\u00f1a es \u00abraspberry\u00bb.<\/p>\n\n\n\n<figure class=\"wp-block-image size-large\"><img loading=\"lazy\" decoding=\"async\" width=\"894\" height=\"633\" src=\"https:\/\/radio.xreflector.es\/wp-content\/uploads\/2021\/05\/Sin-titulo-3.jpg\" alt=\"\" class=\"wp-image-1280\" srcset=\"https:\/\/radio.xreflector.es\/wp-content\/uploads\/2021\/05\/Sin-titulo-3.jpg 894w, https:\/\/radio.xreflector.es\/wp-content\/uploads\/2021\/05\/Sin-titulo-3-300x212.jpg 300w, https:\/\/radio.xreflector.es\/wp-content\/uploads\/2021\/05\/Sin-titulo-3-768x544.jpg 768w\" sizes=\"auto, (max-width: 894px) 100vw, 894px\" \/><\/figure>\n\n\n\n<p>Una vez dentro nos aparecer\u00e1 esta pantalla de configuraci\u00f3n:<\/p>\n\n\n\n<div class=\"wp-block-image\"><figure class=\"aligncenter size-large\"><img loading=\"lazy\" decoding=\"async\" width=\"1024\" height=\"813\" src=\"https:\/\/radio.xreflector.es\/wp-content\/uploads\/2021\/01\/2-1024x813.jpg\" alt=\"\" class=\"wp-image-749\" srcset=\"https:\/\/radio.xreflector.es\/wp-content\/uploads\/2021\/01\/2-1024x813.jpg 1024w, https:\/\/radio.xreflector.es\/wp-content\/uploads\/2021\/01\/2-300x238.jpg 300w, https:\/\/radio.xreflector.es\/wp-content\/uploads\/2021\/01\/2-768x609.jpg 768w, https:\/\/radio.xreflector.es\/wp-content\/uploads\/2021\/01\/2-750x595.jpg 750w, https:\/\/radio.xreflector.es\/wp-content\/uploads\/2021\/01\/2.jpg 1080w\" sizes=\"auto, (max-width: 1024px) 100vw, 1024px\" \/><\/figure><\/div>\n\n\n\n<p>En la secci\u00f3n \u00abControl Software\u00bb no hay que cambiar nada.<\/p>\n\n\n\n<p>En la secci\u00f3n \u00abMMDVMHost Configuration\u00bb activaremos \u00abYSF Mode\u00bb. En \u00abMMDVM Display Type\u00bb escogeremos \u00abOLED\u00bb. Aplicamos los cambios.<\/p>\n\n\n\n<p>Esperamos que los cambios se apliquen.<\/p>\n\n\n\n<p>En la secci\u00f3n \u00abGeneral Configuration\u00bb cambiaremos \u00abNode Callsign\u00bb por nuestro indicativo, en \u00abRadio Frequency\u00bb colocaremos la frecuencia donde transmitiremos con nuestro equipo de radio, en \u00abTown\u00bb escribiremos nuestra ciudad y el locator (grid), en \u00abCountry\u00bb nuestro pa\u00eds. Opcionalmente podemos llenar las casillas \u00abLatitude\u00bb, \u00abLongitude\u00bb, \u00abURL\u00bb. En \u00abSystem Time Zone\u00bb escogemos nuestra zona horaria.<\/p>\n\n\n\n<p>Ahora lo m\u00e1s importante, escoger \u00abRadio\/Modem Type\u00bb. Escogeremos \u00abSTM32-DVM \/ MMDVM_HS \u2013 Raspberry Pi Hat (GPIO)\u00bb.<\/p>\n\n\n\n<p>Aplicamos los cambios. Una vez que termine de aplicar los cambios ES NECESARIO volver a escoger el \u00abRadio\/Modem Type\u00bb y volver a aplicar los cambios.<\/p>\n\n\n\n<p>Pasados unos segundos, ya se activar\u00e1 la pantalla y se comenzar\u00e1n a escuchar estaciones que est\u00e9n en \u00abYSF Startup Host\u00bb<\/p>\n\n\n\n<ul class=\"wp-block-list\"><li>Configuracion ESPECIAL PI-STAR EA7EE:<\/li><\/ul>\n\n\n\n<figure class=\"wp-block-image size-large\"><img loading=\"lazy\" decoding=\"async\" width=\"1024\" height=\"653\" src=\"https:\/\/radio.xreflector.es\/wp-content\/uploads\/2021\/01\/3-1-1024x653.jpg\" alt=\"\" class=\"wp-image-751\" srcset=\"https:\/\/radio.xreflector.es\/wp-content\/uploads\/2021\/01\/3-1-1024x653.jpg 1024w, https:\/\/radio.xreflector.es\/wp-content\/uploads\/2021\/01\/3-1-300x191.jpg 300w, https:\/\/radio.xreflector.es\/wp-content\/uploads\/2021\/01\/3-1-768x490.jpg 768w, https:\/\/radio.xreflector.es\/wp-content\/uploads\/2021\/01\/3-1-750x478.jpg 750w, https:\/\/radio.xreflector.es\/wp-content\/uploads\/2021\/01\/3-1.jpg 1118w\" sizes=\"auto, (max-width: 1024px) 100vw, 1024px\" \/><\/figure>\n\n\n\n<ul class=\"wp-block-list\"><li>Startup Mode:Aqui selecionamos modo YSF o modo FCS (YCS)<\/li><li>YSF Startup Mode: Selecionamos el reflector de C4FM <\/li><li>Startup DG-ID for TreeHouse:Por defecto es 0, esto se utiliza en los sistemas de TREEHOUSE @PA7LIM (EUROPELINK) <a href=\"http:\/\/europelink.pa7lim.nl\/\" target=\"_blank\" rel=\"noreferrer noopener\">http:\/\/europelink.pa7lim.nl\/<\/a>  para que conecte automaticamente por el DG-ID que selecionemos en esta casilla&#8230;. (La ultima actualizacion de YCS Tambien soporta esta funcion)<\/li><li>Statical DGID&#8217;s for YCS-Network:Los DG-ID Staticos que queremos conectar en la red YCS ( <a rel=\"noreferrer noopener\" href=\"http:\/\/c4fm.es\/\" target=\"_blank\">http:\/\/c4fm.es\/<\/a> ) <\/li><li>APRS Enable:Encender apagar aprs<\/li><li>APRS Callsign:Nuestro indicativo en aprs.fi<\/li><li>aprs.fi ApiKey:nuestra apikey que generamos en la pagina APRS.fi<\/li><li>Beacon Time: Tiempo para la baliza Seleccionar 0<\/li><li>Relink Time:Tiempo De Vuelta Al DG-ID Y Reflector Por Defecto pasado un tiempo puede volver a un DG-ID por defecto o a un reflector.. esto es para DMO y Repetidores si los cambian de Reflector Puedan Volver al seleccionado por defecto&#8230; Dejar a 0 para desconectado otro valor igual a minutos de relink..<\/li><li>Las siguientes pesta\u00f1as UPPERCASE,WIRESX,HOTSPOT las dejaremos selecionadas ya que sun funciones necesarias para funcionar y cambios de relfectores y otros&#8230;<\/li><li>DMR ENABLE: Esta funcion es la que hace DE YSF2DMR con la que podremos cambiar desde C4FM a dmr para poder hablar con nuestro equipo de C4FM en dmr es una de las funciones especiales en esta parte de la configuracion los comandos de wires x para los cambios son:(00001 local parrot, 00002 YSF, 00003 FCS, 00004 DMR, 00005 NXDN, 00006 P25)<\/li><li>DMR MASTER: Aqui ponemos el dmr master de BM o DMR+ que conectaremos desde C4FM a DMR <\/li><li>DMR Startup Host:Aqui el TG de BM o Reflector DMR+<\/li><li>Password:La contrase\u00f1a de BM para DMR+ dejar en blanco<\/li><li>DMR + Network:Aqui la linea option para DMR+ Ejemplo para Un TG Ejemplo SKYNET=  StartRef=4000;RlinkTime=40;TS2_1=37030 Ejemplo Para Un Reflector= StartRef=4380;RlinkTime=40;<\/li><li>FCS Enable: Lo dejamos activado por si queremos cambiar de YSF a FCS (YCS) RECORDAR los comandos de cambion son con wires x :(00001 local parrot, 00002 YSF, 00003 FCS, 00004 DMR, 00005 NXDN, 00006 P25)<\/li><li>FCS Startup Host:Selecionamos el reflector de<strong> C4FM *FCS &amp; YCS*<\/strong><\/li><li>Statical DGID&#8217;s for YCS-Network:Los DG-ID Staticos que queremos conectar en la red FCS &amp; YCS ( <a rel=\"noreferrer noopener\" href=\"http:\/\/c4fm.es\/\" target=\"_blank\">http:\/\/c4fm.es\/<\/a> )<\/li><\/ul>\n\n\n\n<p><strong>Ajustando la calidad del audio transmitido:<\/strong><\/p>\n\n\n\n<p>Ya por \u00faltimo nos toca corregir la calidad del sonido trnsmitido. Hacemos clic en \u00abDashboard\u00bb en el men\u00fa superior y pulsamos el PTT (al hotspot hay que transmitirle en la menor potencia posible de nuestro equipo de radio). Veremos la calidad de nuestro audio en la columna \u00abBER\u00bb.<\/p>\n\n\n\n<p>Si el \u00abBit Error Rate\u00bb (BER) es superior al 2,0%, debemos ajustar el \u00abTX Offset\u00bb y el \u00abRX Offset\u00bb.<\/p>\n\n\n\n<div class=\"wp-block-image\"><figure class=\"aligncenter size-large\"><img loading=\"lazy\" decoding=\"async\" width=\"1024\" height=\"691\" src=\"https:\/\/radio.xreflector.es\/wp-content\/uploads\/2021\/01\/4-1024x691.jpg\" alt=\"\" class=\"wp-image-752\" srcset=\"https:\/\/radio.xreflector.es\/wp-content\/uploads\/2021\/01\/4-1024x691.jpg 1024w, https:\/\/radio.xreflector.es\/wp-content\/uploads\/2021\/01\/4-300x202.jpg 300w, https:\/\/radio.xreflector.es\/wp-content\/uploads\/2021\/01\/4-768x518.jpg 768w, https:\/\/radio.xreflector.es\/wp-content\/uploads\/2021\/01\/4-750x506.jpg 750w, https:\/\/radio.xreflector.es\/wp-content\/uploads\/2021\/01\/4.jpg 1104w\" sizes=\"auto, (max-width: 1024px) 100vw, 1024px\" \/><\/figure><\/div>\n\n\n\n<p>Que valor debemos colocar? El valor que viene impreso debajo la tarjeta del hotspot o en las instrucciones de la misma. En mi caso es \u00ab0\u00bb. Ver foto superior en otros casos suele ser 500* en algunas placas chinas<\/p>\n\n\n\n<p>Lo cambiamos y aplicamos los cambios.<\/p>\n\n\n\n<p>Volvemos a ir a \u00abDashboard\u00bb para comprobar que el \u00abBER\u00bb est\u00e1 cercano al 0%.<\/p>\n\n\n\n<div class=\"wp-block-image\"><figure class=\"aligncenter size-large is-resized\"><img loading=\"lazy\" decoding=\"async\" src=\"https:\/\/radio.xreflector.es\/wp-content\/uploads\/2021\/01\/5-1024x726.jpg\" alt=\"\" class=\"wp-image-753\" width=\"665\" height=\"471\" srcset=\"https:\/\/radio.xreflector.es\/wp-content\/uploads\/2021\/01\/5-1024x726.jpg 1024w, https:\/\/radio.xreflector.es\/wp-content\/uploads\/2021\/01\/5-300x213.jpg 300w, https:\/\/radio.xreflector.es\/wp-content\/uploads\/2021\/01\/5-768x545.jpg 768w, https:\/\/radio.xreflector.es\/wp-content\/uploads\/2021\/01\/5-750x532.jpg 750w, https:\/\/radio.xreflector.es\/wp-content\/uploads\/2021\/01\/5.jpg 1066w\" sizes=\"auto, (max-width: 665px) 100vw, 665px\" \/><\/figure><\/div>\n\n\n\n<p>Si Quieres Colaborar con nosotros puedes hacerlo desde aqui:<a rel=\"noreferrer noopener\" href=\"https:\/\/radio.xreflector.es\/index.php\/hazte-socio-colaborador-de-x-reflector-spain\/\" target=\"_blank\">https:\/\/radio.xreflector.es\/index.php\/hazte-socio-colaborador-de-x-reflector-spain\/<\/a><\/p>\n\n\n\n<p>Nuestra pagina general es:<a rel=\"noreferrer noopener\" href=\"http:\/\/xreflector.es\/\" target=\"_blank\">http:\/\/xreflector.es\/<\/a><\/p>\n\n\n\n<p>Disponemos de varios grupos de soporte en telegram : <a rel=\"noreferrer noopener\" href=\"https:\/\/radio.xreflector.es\/index.php\/grupos-de-soporte-telegram\/\" target=\"_blank\">https:\/\/radio.xreflector.es\/index.php\/grupos-de-soporte-telegram\/<\/a><\/p>\n\n\n\n<p>Conoce la red DMR+ : <a rel=\"noreferrer noopener\" href=\"https:\/\/radio.xreflector.es\/index.php\/ipsc2-tutorial\/\" target=\"_blank\">https:\/\/radio.xreflector.es\/index.php\/ipsc2-tutorial\/<\/a><\/p>\n\n\n\n<p>Otros Tutoriales : <a rel=\"noreferrer noopener\" href=\"https:\/\/radio.xreflector.es\/index.php\/tutoriales\/\" target=\"_blank\">https:\/\/radio.xreflector.es\/index.php\/tutoriales\/<\/a><\/p>\n\n\n\n<p><strong>**Funcion Especial De BALIZA**<\/strong><\/p>\n\n\n\n<p>By EA7EE: El beacon por defecto que tiene mi voz grabada se guarda en \/usr\/local\/sbin\/beacon.amb<br>Pero tu puedes grabar el tuyo propio y ponerlo en cualquier punto del disco<\/p>\n\n\n\n<p>Un sitio l\u00f3gico es ponerlo en \/home\/pi-star, una vez puesto all\u00ed lo tienes que habilitar con la opci\u00f3n correspondiente en el fichero \/etc\/ysfgateway. Para eso necesitas el editor completo en el dashboard o acceder a trav\u00e9s de SSH y usar el editor nano con sudo delante: sudo nano \/etc\/ysfgateway.<\/p>\n\n\n\n<p>La opci\u00f3n a modificar es BeaconPath=\/home\/pi-star\/mi_beacon.amb<\/p>\n\n\n\n<p>El fichero de beacon se obtiene a trav\u00e9s del emulador HRI-200 que incluye el programa y que permite subir al nodo mensajes de texto, im\u00e1genes y mensajes de voz, siguiendo el m\u00e9todo est\u00e1ndar que aparece en el manual del equipo. La imagen se comporta como un HRI-200 en la gesti\u00f3n de recursos. Para cada equipo la interfaz de usuario es distinta, solo soportado por FT1D, FT2D, FT3D, FTM100,FTM300,FTM400.<\/p>\n\n\n\n<p>Los mensajes de voz que grabes con el sistema estar\u00e1n en \/tmp\/news\/*.amb y al reiniciar se archivar\u00e1n en \/home\/pi-star\/news, o bien los puedes dejar en ese directorio y cambiar la opci\u00f3n BeaconPath o bien copiarlos y renombrarlos a otro directorio.<\/p>\n\n\n\n<p>Para grabar mensajes de voz en el sistema se sigue el procedimiento est\u00e1ndar que est\u00e1 explicado en el manual de usuario, secci\u00f3n avanzada de WiresX. Te lo resumo a continuaci\u00f3n:<\/p>\n\n\n\n<ol class=\"wp-block-list\"><li>Conectar con el boton Wires<\/li><li>Una vez conectado entrar en Local News (hay tres tipos de news: news de nodo, local news e international news) en cada equipo se selecciona de forma distinta.<\/li><li>Una vez en Local News seleccionar el \u00fanico nombre que te sale (lo que hayas puesto en Town)<\/li><li>Seleccionar ahora upload<\/li><li>Ahora en algunos equipos (Walkys) pulsar el PTT y hablar. Saldr\u00e1 un mensaje de OK o Fallo.<\/li><li>Equipos moviles seleccionar voice message<\/li><li>Equipos moviles pulsar ptt y hablar. Al soltar saldr\u00e1 un mensaje OK o Fallo.<\/li><li>Si sale fallo reintentar<\/li><\/ol>\n\n\n\n<p><strong>2021 Xreflector.es Todos Los Derechos Reservados<\/strong><\/p>\n<p>Visitas: 7436<\/p>","protected":false},"excerpt":{"rendered":"<p>Grabar imagen : Para configurar el hotspot debemos bajarnos una imagen de la p\u00e1gina web de:http:\/\/pistar.c4fm.es\/ Una vez formateada la tarjeta micro SD procederemos a grabar la imagen que hemos descargado, para ello utilizaremos el programa \u00abWin32 Disk Imager\u00bb, el cual podemos descargarlo del siguiente enlace. Archivo para conectarse a WiFi: Esta herramienta se usa [&hellip;]<\/p>\n","protected":false},"author":1,"featured_media":0,"parent":0,"menu_order":0,"comment_status":"closed","ping_status":"closed","template":"","meta":{"footnotes":""},"class_list":["post-746","page","type-page","status-publish","hentry"],"_links":{"self":[{"href":"https:\/\/radio.xreflector.es\/index.php\/wp-json\/wp\/v2\/pages\/746","targetHints":{"allow":["GET"]}}],"collection":[{"href":"https:\/\/radio.xreflector.es\/index.php\/wp-json\/wp\/v2\/pages"}],"about":[{"href":"https:\/\/radio.xreflector.es\/index.php\/wp-json\/wp\/v2\/types\/page"}],"author":[{"embeddable":true,"href":"https:\/\/radio.xreflector.es\/index.php\/wp-json\/wp\/v2\/users\/1"}],"replies":[{"embeddable":true,"href":"https:\/\/radio.xreflector.es\/index.php\/wp-json\/wp\/v2\/comments?post=746"}],"version-history":[{"count":13,"href":"https:\/\/radio.xreflector.es\/index.php\/wp-json\/wp\/v2\/pages\/746\/revisions"}],"predecessor-version":[{"id":1282,"href":"https:\/\/radio.xreflector.es\/index.php\/wp-json\/wp\/v2\/pages\/746\/revisions\/1282"}],"wp:attachment":[{"href":"https:\/\/radio.xreflector.es\/index.php\/wp-json\/wp\/v2\/media?parent=746"}],"curies":[{"name":"wp","href":"https:\/\/api.w.org\/{rel}","templated":true}]}}