{"id":289,"date":"2020-10-15T11:10:43","date_gmt":"2020-10-15T09:10:43","guid":{"rendered":"http:\/\/radio.xreflector.es\/?page_id=289"},"modified":"2020-10-15T11:14:55","modified_gmt":"2020-10-15T09:14:55","slug":"ipsc2-tutorial","status":"publish","type":"page","link":"https:\/\/radio.xreflector.es\/index.php\/ipsc2-tutorial\/","title":{"rendered":"IPSC2 Tutorial"},"content":{"rendered":"\n<div class=\"wp-block-image\"><figure class=\"aligncenter size-large is-resized\"><img loading=\"lazy\" decoding=\"async\" src=\"https:\/\/radio.xreflector.es\/wp-content\/uploads\/2020\/10\/photo_2020-04-15_17-59-12-2.jpg\" alt=\"\" class=\"wp-image-290\" width=\"352\" height=\"352\" srcset=\"https:\/\/radio.xreflector.es\/wp-content\/uploads\/2020\/10\/photo_2020-04-15_17-59-12-2.jpg 640w, https:\/\/radio.xreflector.es\/wp-content\/uploads\/2020\/10\/photo_2020-04-15_17-59-12-2-300x300.jpg 300w, https:\/\/radio.xreflector.es\/wp-content\/uploads\/2020\/10\/photo_2020-04-15_17-59-12-2-150x150.jpg 150w\" sizes=\"auto, (max-width: 352px) 100vw, 352px\" \/><\/figure><\/div>\n\n\n\n<p><strong>Tenemos Un Canal Oficial De Soporte En Telegram:<\/strong><a href=\"https:\/\/t.me\/joinchat\/EsHcbRVkCritHTR10NB3BQ\">https:\/\/t.me\/joinchat\/EsHcbRVkCritHTR10NB3BQ<\/a><\/p>\n\n\n\n<p><strong>Dashboard General Para Trafico Y Servidores:<\/strong><a href=\"http:\/\/dmr.xreflector.es\/\">http:\/\/dmr.xreflector.es\/<\/a><\/p>\n\n\n\n<p><strong>Tutorial Para Conectar:<a rel=\"noreferrer noopener\" href=\"https:\/\/radio.xreflector.es\/2020\/04\/07\/tutorial-conexion-dmrplus\/\" target=\"_blank\">https:\/\/radio.xreflector.es\/2020\/04\/07\/tutorial-conexion-dmrplus\/<\/a><\/strong><\/p>\n\n\n\n<p><strong>IPSC2 Worldwide Server BY DMR+<\/strong><\/p>\n\n\n\n<p>El sistema IPSC2 fue desarrollado por radioaficionados y ofrece con sus servidores IPSC2 y servidores bMaster + (<a rel=\"noreferrer noopener\" href=\"http:\/\/bmaster.xreflector.es\/\" target=\"_blank\">http:\/\/bmaster.xreflector.es\/<\/a>)una red DMR independiente en todo el mundo, con numerosos futuros innovadores.<br><br>Todos los tipos de repetidores y zonas activas (que utilizan el protocolo Motorola, Hytera o MMDVM) se pueden conectar directamente a los servidores IPSC2 y, por lo tanto, disfrutar del soporte y la funcionalidad completos de la red IPSC2.<\/p>\n\n\n\n<p><br><strong>*** El uso de puentes o software adicionales (HBLink, c-Bridge, etc.) que pueden restringir el uso de las funciones innovadoras del servidor IPSC2 no son necesarios y no se recomiendan para conectar los repetidores o puntos de acceso. Prefieren ser un muro entre el repetidor y el servidor IPSC2. ***<\/strong><br><br>Los sistemas de repetidores conectados directamente (Motorola, Hytera, MMDVM) pueden configurar grupos de conversaci\u00f3n est\u00e1ticos, reflectores y otras funciones interesantes en cualquier momento por el servidor IPSC2 de forma independiente. Esto es compatible con la ayuda de una llamada \u00abbase de datos de Sysop\u00bb, a la que se puede acceder en l\u00ednea(<a rel=\"noreferrer noopener\" href=\"https:\/\/register.ham-digital.org\/sysop\/login.php\" target=\"_blank\">https:\/\/register.ham-digital.org\/sysop\/login.php<\/a>)<\/p>\n\n\n\n<p><br>Los sysops de repetidores basados \u200b\u200ben MMDVM y puntos de acceso privados pueden incluso configurar estas configuraciones directamente en su software utilizando los par\u00e1metros espec\u00edficos de \u00abOpciones =\u00bb de MMDVM. Ejemplos de esto son MMDVMHost, PiStar, DV4mini, OpenSpot, etc.<br>Todos los dem\u00e1s grupos de conversaci\u00f3n, que no est\u00e1n reservados est\u00e1ticamente, pueden ser activados din\u00e1micamente por los usuarios en cualquier momento si es necesario. Se pueden activar hasta 10 grupos de conversaci\u00f3n al mismo tiempo por cada intervalo de tiempo. Si no se usan, los grupos de conversaci\u00f3n din\u00e1micos se desactivan despu\u00e9s de 10 minutos.<br><br>La independencia, la flexibilidad, la estabilidad y las estructuras que son claramente reconocibles para el usuario son parte de las palabras clave que dan forma a la comunidad de la red global IPSC2.<br><br>Los paneles (DASHBOARD)claramente estructurados y claros informan a los usuarios sobre los clientes conectados (repetidores \/ puntos de acceso) y al mismo tiempo muestran las actividades en grupos de conversaci\u00f3n y reflectores de una manera f\u00e1cilmente reconocible en tiempo real:<a rel=\"noreferrer noopener\" href=\"http:\/\/dmr.xreflector.es\/\" target=\"_blank\">http:\/\/dmr.xreflector.es\/<\/a><\/p>\n\n\n\n<p>El coraz\u00f3n del servidor IPSC2 es una \u00abmatriz\u00bb intuitiva, que permite configuraciones individuales de grupos de conversaci\u00f3n basados \u200b\u200ben ideas regionales por intervalo de tiempo. La matriz tambi\u00e9n permite que el sysop , adem\u00e1s de los grupos de conversaci\u00f3n mundiales, se puede crear grupos de conversaci\u00f3n locales adicionales si es necesario, que solo est\u00e1n disponibles en el respectivo servidor IPSC2.<br><br>El servidor IPSC2 logra su fortaleza a trav\u00e9s del innovador enrutamiento bMaster +(<a rel=\"noreferrer noopener\" href=\"http:\/\/bmaster.xreflector.es\/\" target=\"_blank\">http:\/\/bmaster.xreflector.es\/<\/a>), que representa la conexi\u00f3n a la red mundial IPSC2.<br>Adem\u00e1s de grupos de conversaci\u00f3n (separados por intervalos de tiempo) y reflectores, tambi\u00e9n se intercambian datos de itinerancia, llamadas privadas y mensajes de texto. El enrutamiento bMaster + de autoaprendizaje y ahorro de recursos garantiza un nivel muy alto de fiabilidad y estabilidad, al tiempo que ofrece redundancias y opciones adicionales para futuros desarrollos.<br>El enrutamiento bMaster + (<a rel=\"noreferrer noopener\" href=\"http:\/\/bmaster.xreflector.es\/\" target=\"_blank\">http:\/\/bmaster.xreflector.es\/<\/a>)ya ofrece a los sysops mucha m\u00e1s flexibilidad que el software de enrutamiento conocido (c-Bridge, \u2026).<br><br>Varias interfaces del servidor IPSC2 permiten que los repetidores y puntos de conexi\u00f3n conectados directamente transmitan balizas GPS a mensajes aprs.fi o DAPNET en tiempo real. Usando varias direcciones de destino, los usuarios pueden usar su equipo de radio para controlar qu\u00e9 pictogramas deben aparecer las balizas GPS en aprs.fi (casa, m\u00f3vil, autom\u00f3vil, corredor, \u2026).<br><br>El servidor IPSC2 desarrollado por radioaficionados tambi\u00e9n admite conexiones opcionales a otros sistemas DV, como D-Star (servidor XLX) y C4FM (servidor YCS <a rel=\"noreferrer noopener\" href=\"http:\/\/c4fm.es\/\" target=\"_blank\">http:\/\/c4fm.es\/<\/a>). Los diferentes protocolos de Interlink (XLX, YCS, CC-CC, \u2026) permiten conexiones fijas a salas individuales de los sistemas DV correspondientes si es necesario. Con la ayuda de la matriz del servidor , cada conexi\u00f3n de enlace se puede asignar a un grupo de conversaci\u00f3n separado y, por lo tanto, est\u00e1 disponible para cada repetidor y punto de acceso.<br><br><strong>Los desarrolladores de Brandmeister e IPSC2 discutieron la cooperaci\u00f3n de la cooperaci\u00f3n t\u00e9cnica en el Hamradio 2018 en el stand de DMR+. El resultado es el protocolo OpenBridge r\u00e1pido y abierto, que permite el intercambio de grupos de conversaci\u00f3n (TG), llamadas privadas (PC) y mensajes de texto (TMS) entre IPSC2 y Brandmeister-Network. El OpenBridge fue puesto en funcionamiento por los sistemas de los servidores IPSC2 y Brandmeister, que ya se esperaban en Austria, Alemania,ESPA\u00d1A, Italia y otros pa\u00edses. Sobre la base de acuerdos y normas conjuntas, ambas redes ahora pueden ofrecer a sus usuarios comunicaci\u00f3n abierta y entre redes con la ayuda de grupos de conversaci\u00f3n comunes seleccionados.<\/strong><\/p>\n\n\n\n<p><strong>En Espa\u00f1a El TG Brandmeister Enlazado A DMR+ Es El TG 2140<\/strong>:<strong><a rel=\"noreferrer noopener\" href=\"http:\/\/dmr4370.xreflector.es\/\" target=\"_blank\">http:\/\/dmr4370.xreflector.es\/<\/a> Este TG Ademas Es Multi RED Uniendo Varios Sistemas\u2026 WIRES X,YSF,YCS,FCS,D-STAR,BM,DMR+,NXDN Y Otros\u2026<\/strong><\/p>\n\n\n\n<figure class=\"wp-block-image size-large\"><img loading=\"lazy\" decoding=\"async\" width=\"678\" height=\"927\" src=\"https:\/\/radio.xreflector.es\/wp-content\/uploads\/2020\/10\/119950841_2486247891674382_6121265796038312004_n-2.jpg\" alt=\"\" class=\"wp-image-291\" srcset=\"https:\/\/radio.xreflector.es\/wp-content\/uploads\/2020\/10\/119950841_2486247891674382_6121265796038312004_n-2.jpg 678w, https:\/\/radio.xreflector.es\/wp-content\/uploads\/2020\/10\/119950841_2486247891674382_6121265796038312004_n-2-219x300.jpg 219w\" sizes=\"auto, (max-width: 678px) 100vw, 678px\" \/><\/figure>\n\n\n\n<p><br><br>Gracias a las ideas de la comunidad global, IPSC2, el servidor IPSC2, como el servidor maestro de la red IPSC2, ofrece numerosas funciones y soporte para repetidores y puntos de conexi\u00f3n conectados directamente. Los protocolos Interlink permiten opciones de conexi\u00f3n opcionales a salas espec\u00edficas de otros sistemas DV utilizados por radioaficionados.<\/p>\n\n\n\n<p><strong>TUTORIAL:<\/strong><\/p>\n\n\n\n<p><strong>Dashboard General Para Trafico Y Servidores:<\/strong><a href=\"http:\/\/dmr.xreflector.es\/\">http:\/\/dmr.xreflector.es\/<\/a><\/p>\n\n\n\n<p><strong>DMRPlus Ha Evolucionado En Los Ultimos Tiempos Y A\u00f1adido Soporte Para TG Tanto En TS1 Como En TS2 Aparte De Los Famosos Reflectores<\/strong><\/p>\n\n\n\n<p><strong>Para Conectar A Un Reflector No Se Necesita Codeplug.. Simplemente Conectar Al Reflector Deseado En TS2 TG9 Local Con Esto Y En Un Solo Canal Tenemos Cubiertos Todos Los Reflectores Sin Necesidad De LLenar El Equipo De Memorias Y Zonas\u2026<\/strong><\/p>\n\n\n\n<ul class=\"wp-block-list\"><li><strong>Como Conectar A Un Reflector:<\/strong><\/li><\/ul>\n\n\n\n<p><strong>Selecionamos El Maestro Servidor De Espa\u00f1a Que Deseamos La Lista De La Red Esta Aqui:<a href=\"http:\/\/dmr.xreflector.es\/\">http:\/\/dmr.xreflector.es\/<\/a><\/strong><\/p>\n\n\n\n<p><strong>Despues Y LO MAS IMPORTANTE Es Rellenar La Linea De Option= Con El Reflector Deseado Y El Tiempo De Relink ETC.. :<\/strong><\/p>\n\n\n\n<p><strong>Options=StartRef=437X;RelinkTime=15;<\/strong> <strong>&lt;Aqui El Ref437x Deseado&gt;<\/strong><\/p>\n\n\n\n<p><strong>Si No Queremos Poner Esta Linea Bastara Con Hacer Una Llamada Al Reflector Deseado..<\/strong><\/p>\n\n\n\n<p><strong>Aqui Un Ejemplo De Conexion Por MMDVM:<\/strong><\/p>\n\n\n\n<p>[DMR Network]<br>Enable=1<br>Address=dmrplus.xreflector.es <strong>&lt; Aqui El Servidor Deseado&gt;<\/strong><br>Port=55555<br>Jitter=360<br>Password=PASSWORD<br>Options=StartRef=437X;RelinkTime=15; <strong>&lt;Aqui El Ref437x Deseado&gt;<\/strong><br>Slot1=1<br>Slot2=1<br>Debug=0<\/p>\n\n\n\n<ul class=\"wp-block-list\"><li><strong>Como Conectar A Un TG En TS1 O TS2 ****<\/strong><\/li><\/ul>\n\n\n\n<p><strong>Igual Que Con Reflectores Pero Aqui Tenemos Que Tener Atencion Especial En Dos Cosas<\/strong>:<\/p>\n\n\n\n<p>1: <strong>Que El TG Que Estamos Llamando Este Habilitado En El Servidor\u2026Los Servidores Que Tienen Habilitados Todos Los TG Por Defecto Son Los Principales IPSC2-EA-Hotspot Y IPSC2-EA-RPTR<\/strong><\/p>\n\n\n\n<p><strong>En Los Servidores Por Zonas EA1,EA2,ETC.. Funcionan Los TG Nacionales Y Mundiales Como Por Ejemplo 214.14. Y Otros Que Se An Activado Desde El Servidor MAESTRO De Espa\u00f1a BMASTER+ <\/strong><a href=\"http:\/\/bmaster.xreflector.es\/\">http:\/\/bmaster.xreflector.es\/<\/a> <strong>Este Servidor Se Encarga De Todo El Trafico Que Pasa Por Todos Los Servidores De Espa\u00f1a Entrante Y Saliente Y Del Funcionamiento De Las Bases De Datos Y Otros..Se Puede Activar Provinciales Y Otros En Los Servidores De Zona Pero Estos Solo Tendran Trafico En El Servidor Que Estamos Conectados\u2026Es Decir Si Estoy En El Servidor De EA7 En El TG 21414 No Pasara El Trafico A Otro Servidor EA.<\/strong>.<strong>Los TG Nacionales E Internacionales Son Los Unicos Que Pasan El Trafico Por Todos Los Servidores EA<\/strong>\u2026<strong>En Un Servidor De Zona Se Puede Activar Un TG Provicial ,Regional ETC..Pero Esto Se Hace Desde DMR+<\/strong><\/p>\n\n\n\n<p><strong>La Linea Option Para Un TG En TS1 <\/strong>:<\/p>\n\n\n\n<p><strong>StartRef=4000;RelinkTime=15;TS1_1=716 Con Esta Liena Estariamos En TS1 TG716\u2026<\/strong><\/p>\n\n\n\n<p><strong>Linea Option Para Un TG En TS2:<\/strong><\/p>\n\n\n\n<p><strong>StartRef=4000;RelinkTime=40;TS2_2=21414 Con Esta Linea Estariamos En El TG 21414 En TS2..<\/strong><\/p>\n\n\n\n<p><strong>El Codeplug Que Necesitamos Para DMR+ Es El Mismo Que Usamos En BM No Tiene Nada En Especial Ya Que Los TG Funciona De Forma Similar Que En BM<\/strong><\/p>\n\n\n\n<p><strong>SAMPLES &amp; INFO:<\/strong><\/p>\n\n\n\n<p><strong>Opciones = par\u00e1metro para clientes MMDVM<br><br>Los administradores de sistemas de clientes MMDVM (repetidores \/ puntos de acceso) pueden informar al IPSC2 de sus grupos de conversaci\u00f3n est\u00e1ticos deseados, StartReflector y otras configuraciones al iniciar sesi\u00f3n utilizando los par\u00e1metros Opciones =.<br>Las opciones = par\u00e1metros se transmiten al IPSC2 cada vez que el cliente MMDVM inicia sesi\u00f3n.<br>Las opciones de configuraci\u00f3n apropiadas se pueden encontrar en cada software MMDVM (MMDVM.ini, DMRGateway.ini, DV4mini, PiStar, \u2026).<\/strong><\/p>\n\n\n\n<p><strong>La l\u00ednea Opciones = par\u00e1metro tiene la siguiente estructura:<\/strong><\/p>\n\n\n\n<p>Options=StartRef=4370;RelinkTime=30;UserLink=1;CQWW=1;TS1_1=214;TS1_2=14;TS1_3=1;TS1_4=6;TS1_5=0;TS2_1=2140;TS2_2=21418;TS2_3=0;TS2_4=0;TS2_5=0;<\/p>\n\n\n\n<p><strong>Significado de los par\u00e1metros:<\/strong><\/p>\n\n\n\n<p><strong>StartRef = 4xxx \u2192 StartReflector deseado (4000 \u2192 sin StartReflector)<br>RelinkTime = Tiempo en minutos despu\u00e9s del cual el StartReflector se conecta nuevamente (despu\u00e9s de un cambio manual del reflector por parte del usuario)<br>UserLink = Los usuarios no pueden cambiar los reflectores (0)<br>Los usuarios pueden cambiar los reflectores (1)<br>CQWW = CQWW Funktion opt-out \/ opt-in (0\/1)<br>TS1_1 = primer grupo de conversaci\u00f3n reservado est\u00e1ticamente en el intervalo de tiempo 1<br>TS1_2 = segundo grupo de conversaci\u00f3n reservado est\u00e1ticamente en el intervalo de tiempo 1<br>TS1_9 = noveno grupo de conversaci\u00f3n reservado est\u00e1ticamente en el intervalo de tiempo 1<br>TS2_1 = primer grupo de conversaci\u00f3n reservado est\u00e1ticamente en el intervalo de tiempo 2<br>TS2_2 = segundo grupo de conversaci\u00f3n reservado est\u00e1ticamente en el intervalo de tiempo 2<br>TS2_9 = noveno grupo de conversaci\u00f3n reservado est\u00e1ticamente en el intervalo de tiempo 2<\/strong><\/p>\n\n\n\n<p><strong>\u00a1Preste atenci\u00f3n a la sintaxis correcta y que entre cada par\u00e1metro debe haber un punto y coma (;), tambi\u00e9n al final de la l\u00ednea!<br>Si no se usa TSx_x =, ingrese \u201c0\u201d: Ejemplo: TS2_2 = 0;<br><br>Se puede establecer un m\u00e1ximo de 9 grupos de conversaci\u00f3n est\u00e1ticos en el intervalo de tiempo 1, 9 grupos de conversaci\u00f3n en el intervalo de tiempo 2 y un reflector de inicio al mismo tiempo.<\/strong><\/p>\n\n\n\n<p><strong>REPETIDORES:<\/strong><\/p>\n\n\n\n<ul class=\"wp-block-list\"><li>HYTERA<\/li><\/ul>\n\n\n\n<h2 class=\"wp-block-heading\" id=\"main_configuration_hytera_repeater\">Main configuration Hytera Repeater<\/h2>\n\n\n\n<p>Calling up the configuration area in the Hytera-CPS:<br><br><strong>Conventional \u2192 Network \u2192 IP Connect Configuration<\/strong><\/p>\n\n\n\n<figure class=\"wp-block-table\"><table><tbody><tr><td>Repeater Type<\/td><td>Slave<\/td><\/tr><tr><td>Jitter Buffer Lenght<\/td><td>5<\/td><\/tr><tr><td>Master UDP Port<\/td><td>62005<\/td><\/tr><tr><td>IP Connect Networking UDP Port<\/td><td>62004<\/td><\/tr><tr><td>P2P Firewall Open Timer<\/td><td>6<\/td><\/tr><tr><td>Voice &amp; Data Service<\/td><td>Yes<\/td><\/tr><tr><td>Voice &amp; Data UDP Port<\/td><td>62006<\/td><\/tr><tr><td>RDAC Service<\/td><td>Yes<\/td><\/tr><tr><td>RDAC UDP Port<\/td><td>62007<\/td><\/tr><tr><td>Master Domain Name On\/OFF<\/td><td>ON (if using Hostname-Address of IPSC2)<br>OFF (if using IP-Adress of IPSC2)<\/td><\/tr><tr><td>Domain Names<\/td><td>Hostname-Address of IPSC2<\/td><\/tr><\/tbody><\/table><\/figure>\n\n\n\n<p><br>Please note:<br><br>The \u201cNetwork Authentication Key\u201d field must be empty before you write back the codeplug into the repeater. Even if there is no visible entry in this field, it is advisable to delete the field again using the following procedure:<br><br>With the keyboard key \u201cRemove\u201d from the left side and additionally with the keyboard key \u201cBackwards\u201d from the right side.<br><br>After restarting the Hytera repeater, it automatically logs on to the IPSC2.<\/p>\n\n\n\n<ul class=\"wp-block-list\"><li>Motorola:<\/li><\/ul>\n\n\n\n<h2 class=\"wp-block-heading\" id=\"main_configuration_motorola_repeater\">Main configuration Motorola Repeater<\/h2>\n\n\n\n<p>The direct connection of a Motorola repeater to the IPSC2 should be done in cooperation with the IPSC2 sysop, since the repeater must be created as a peer in IPSC2 before the first connection.<br>Additional software (HBlink, c-bridge, \u2026) for direct connection of Motorola Repeater to the IPSC2 is not required and is not recommended.<br><br>Calling up the configuration area in the Motorola-CPS:<br><br><strong>Set Categories \u2192 Configuration \u2192 General \u2192 Connection establishment \u2192 Network setting<\/strong><br><\/p>\n\n\n\n<figure class=\"wp-block-table\"><table><tbody><tr><td>Connection type<\/td><td>Peer<\/td><\/tr><tr><td>Authentication key<\/td><td><em>please ask IPSC2 Sysop<\/em><\/td><\/tr><tr><td>Master-IP<\/td><td>IP-Address of IPSC2<\/td><\/tr><tr><td>Master UDP-Port<\/td><td><em>please ask IPSC2 Sysop<\/em><\/td><\/tr><tr><td>UDP-Port<\/td><td><em>please ask IPSC2 Sysop<\/em><\/td><\/tr><tr><td>Timer Peer-Firewall open<\/td><td>6<\/td><\/tr><\/tbody><\/table><\/figure>\n\n\n\n<p><strong>Contacto En Espa\u00f1a Y Toda La Comunidad De Habla Hispana:<\/strong><\/p>\n\n\n\n<p>Name Juan Carlos (EA7IYR) ea7iyr@xreflector.es<\/p>\n<p>Visitas: 744<\/p>","protected":false},"excerpt":{"rendered":"<p>Tenemos Un Canal Oficial De Soporte En Telegram:https:\/\/t.me\/joinchat\/EsHcbRVkCritHTR10NB3BQ Dashboard General Para Trafico Y Servidores:http:\/\/dmr.xreflector.es\/ Tutorial Para Conectar:https:\/\/radio.xreflector.es\/2020\/04\/07\/tutorial-conexion-dmrplus\/ IPSC2 Worldwide Server BY DMR+ El sistema IPSC2 fue desarrollado por radioaficionados y ofrece con sus servidores IPSC2 y servidores bMaster + (http:\/\/bmaster.xreflector.es\/)una red DMR independiente en todo el mundo, con numerosos futuros innovadores. Todos los tipos de [&hellip;]<\/p>\n","protected":false},"author":1,"featured_media":0,"parent":0,"menu_order":0,"comment_status":"closed","ping_status":"closed","template":"","meta":{"footnotes":""},"class_list":["post-289","page","type-page","status-publish","hentry"],"_links":{"self":[{"href":"https:\/\/radio.xreflector.es\/index.php\/wp-json\/wp\/v2\/pages\/289","targetHints":{"allow":["GET"]}}],"collection":[{"href":"https:\/\/radio.xreflector.es\/index.php\/wp-json\/wp\/v2\/pages"}],"about":[{"href":"https:\/\/radio.xreflector.es\/index.php\/wp-json\/wp\/v2\/types\/page"}],"author":[{"embeddable":true,"href":"https:\/\/radio.xreflector.es\/index.php\/wp-json\/wp\/v2\/users\/1"}],"replies":[{"embeddable":true,"href":"https:\/\/radio.xreflector.es\/index.php\/wp-json\/wp\/v2\/comments?post=289"}],"version-history":[{"count":4,"href":"https:\/\/radio.xreflector.es\/index.php\/wp-json\/wp\/v2\/pages\/289\/revisions"}],"predecessor-version":[{"id":295,"href":"https:\/\/radio.xreflector.es\/index.php\/wp-json\/wp\/v2\/pages\/289\/revisions\/295"}],"wp:attachment":[{"href":"https:\/\/radio.xreflector.es\/index.php\/wp-json\/wp\/v2\/media?parent=289"}],"curies":[{"name":"wp","href":"https:\/\/api.w.org\/{rel}","templated":true}]}}