{"id":265,"date":"2020-10-13T10:17:40","date_gmt":"2020-10-13T08:17:40","guid":{"rendered":"http:\/\/radio.xreflector.es\/?page_id=265"},"modified":"2026-01-23T12:53:59","modified_gmt":"2026-01-23T11:53:59","slug":"pi-star-ea7ee-dg-id-wires-x","status":"publish","type":"page","link":"https:\/\/radio.xreflector.es\/index.php\/pi-star-ea7ee-dg-id-wires-x\/","title":{"rendered":"PI-STAR EA7EE"},"content":{"rendered":"\n<figure class=\"wp-block-image size-large\"><img loading=\"lazy\" decoding=\"async\" width=\"855\" height=\"650\" src=\"https:\/\/radio.xreflector.es\/wp-content\/uploads\/2020\/12\/ee.jpg\" alt=\"\" class=\"wp-image-713\" srcset=\"https:\/\/radio.xreflector.es\/wp-content\/uploads\/2020\/12\/ee.jpg 855w, https:\/\/radio.xreflector.es\/wp-content\/uploads\/2020\/12\/ee-300x228.jpg 300w, https:\/\/radio.xreflector.es\/wp-content\/uploads\/2020\/12\/ee-768x584.jpg 768w, https:\/\/radio.xreflector.es\/wp-content\/uploads\/2020\/12\/ee-750x570.jpg 750w\" sizes=\"auto, (max-width: 855px) 100vw, 855px\" \/><\/figure>\n\n\n\n<p><strong>NUEVO* : Tutorial En ESPA\u00d1OL <\/strong>:<a rel=\"noreferrer noopener\" href=\"https:\/\/radio.xreflector.es\/index.php\/configurar-pi-star-ea7ee-y-placa-mmdvm-para-yaesu-fusion-ii-dmr\/\" target=\"_blank\">https:\/\/radio.xreflector.es\/index.php\/configurar-pi-star-ea7ee-y-placa-mmdvm-para-yaesu-fusion-ii-dmr\/<\/a><\/p>\n\n\n\n<p><strong>Descarga:<\/strong><\/p>\n\n\n\n<ul class=\"wp-block-list\">\n<li><strong>Version 4.1.5:<\/strong><\/li>\n<\/ul>\n\n\n\n<p><a href=\"https:\/\/sala-andalucia.es\/ea7ee\/Pi-Star_RPi_V4.1.5_08-01-2022-EA7EE-C4FM.img.zip\" target=\"_blank\" rel=\"noreferrer noopener\">Pi-Star_RPi_V4.1.5_08-01-2022-EA7EE-C4FM<\/a><\/p>\n\n\n\n<ul class=\"wp-block-list\">\n<li>Compatible ahora con pi-star zero 2 y nuevos modelos de pi-star :<\/li>\n<\/ul>\n\n\n\n<p><strong>Changes:<\/strong><\/p>\n\n\n\n<ul class=\"wp-block-list\">\n<li><strong>Update to YSFG-EA 4.1.2 to 4.1.3<\/strong><\/li>\n<\/ul>\n\n\n\n<ol class=\"wp-block-list\">\n<li>Disable SAMBA<\/li>\n\n\n\n<li>Disable unattended-upgrades<\/li>\n\n\n\n<li>Disable agetty on tty1<\/li>\n\n\n\n<li>Randomise Daly Cron on boot<\/li>\n\n\n\n<li>Update HTTP and SSH avahi services                                                                                                                                               <\/li>\n<\/ol>\n\n\n\n<ul class=\"wp-block-list\">\n<li><strong>YSFG-EA Update 29122020<\/strong><\/li>\n<\/ul>\n\n\n\n<ol class=\"wp-block-list\">\n<li>Fix ssh fullscreen<\/li>\n\n\n\n<li>Fix pistar-upgrades<\/li>\n<\/ol>\n\n\n\n<p><strong>Article in English<\/strong>:<\/p>\n\n\n\n<p>-&gt; Easy pairing with DMR and other modes (00001 local parrot, 00002 YSF, 00003 FCS, 00004 DMR, 00005 NXDN, 00006 P25) <\/p>\n\n\n\n<p>-&gt; Easy reflector change in all modes, just type the reflector number and voila -&gt; List of independent reflectors by mode (pressing the ALL key on the transceiver)<\/p>\n\n\n\n<p> -&gt; * Allows to record AMBE files to use as beacon *<\/p>\n\n\n\n<p> -&gt; Allows the generation of voice beacons with programmable periodicity. The beacon will remain silent when there is activity. <\/p>\n\n\n\n<p>-&gt; Allows you to return to the original reflector after a programmable time in any mode. (option) -&gt; Allows you to stay in the original reflector forever. (Choice) <\/p>\n\n\n\n<p>-&gt; In DMR, add two seconds of silence if the transmission takes less than two seconds to avoid bans on the Brandmeister network.<\/p>\n\n\n\n<p> -&gt; Add extended configuration on pi-star board.<\/p>\n\n\n\n<p> -&gt; Added the number of active users in each TG for the Brandmeister network.<\/p>\n\n\n\n<p><strong>Articulo En Espa\u00f1ol:<\/strong><\/p>\n\n\n\n<p>Si ya tiene la \u00faltima imagen de EA7EE , solo necesita actualizar a Los cambios que van saliendo dia a dia <\/p>\n\n\n\n<p>*** No olvide ir a la configuraci\u00f3n despu\u00e9s de la actualizaci\u00f3n y volver a completar los campos ***<\/p>\n\n\n\n<p>CLIENTE<\/p>\n\n\n\n<p>-&gt; Emparejamiento f\u00e1cil con DMR y otros modos (00001 loro local, 00002 YSF, 00003 FCS, 00004 DMR, 00005 NXDN, 00006 P25)<br>-&gt; F\u00e1cil cambio de reflector en todos los modos, solo escriba el n\u00famero de reflector y listo<br>-&gt; Lista de reflectores independientes por modo (presionando la tecla ALL en el transceptor)<br>-&gt; * Permite grabar archivos AMBE para usar como baliza *<br>-&gt; Permite la generaci\u00f3n de balizas de voz con periodicidad programable.&nbsp;La baliza permanecer\u00e1 en silencio cuando haya actividad.<br>-&gt; Le permite volver al reflector original despu\u00e9s de un tiempo programable en cualquier modo.&nbsp;(opci\u00f3n)<br>-&gt; Le permite permanecer en el reflector original para siempre.&nbsp;(Elecci\u00f3n)<br>-&gt; En DMR, agregue dos segundos de silencio si la transmisi\u00f3n tarda menos de dos segundos para evitar prohibiciones en la red Brandmeister.<br>-&gt; Agregar configuraci\u00f3n extendida en placa pi-star.<br>-&gt; Se agreg\u00f3 el n\u00famero de usuarios activos en cada TG para la red Brandmeister.<\/p>\n\n\n\n<p>-&gt; Selecci\u00f3n de reflector en DMRPlus desde configuraci\u00f3n<\/p>\n\n\n\n<p>APRS<\/p>\n\n\n\n<p>-&gt; Regeneraci\u00f3n de la se\u00f1al GPS en DMR e YSF de aprs.fi para dispositivos que no env\u00edan informaci\u00f3n GPS (requiere registrarse en aprs.fi y obtener ApiKey)<br>-&gt; El bot\u00f3n GM se puede usar para APRS a nivel local procesar y enviar informaci\u00f3n a APRS-IS.<br>-&gt; Se emite informaci\u00f3n completa en APRS-IS (equipo, modo y reflector QRV)<br>-&gt; Nuevos c\u00f3digos de equipo actualizados FT3D y FTM300.<br>-&gt; Se ha mejorado la informaci\u00f3n del GPS para que sea en tiempo real.<\/p>\n\n\n\n<p>WIRESX<\/p>\n\n\n\n<p>-&gt; * Le permite grabar archivos AMBE para usar como baliza *<\/p>\n\n\n\n<p>-&gt; Cargue fotos y mensajes al reflector externo que act\u00faa como un nodo WiresX<br>-&gt; Emulaci\u00f3n De Wires X Total (NOTICIAS) Cargue fotos y mensajes al servidor de&nbsp;carga&nbsp;\/ descarga<\/p>\n\n\n\n<p>Art\u00edculo sobre la noticia&nbsp;<a rel=\"noreferrer noopener\" href=\"https:\/\/www.google.com\/url?sa=t&amp;rct=j&amp;q=&amp;esrc=s&amp;source=web&amp;cd=&amp;cad=rja&amp;uact=8&amp;ved=2ahUKEwjt8-f4kaXrAhUK1BoKHcbrDOIQFjACegQIARAB&amp;url=http%3A%2F%2Fwww.kansascityroom.com%2Fgallery%2Fwires-x%2520news%2520presentation.pdf&amp;usg=AOvVaw1Osm3Iq2ueTlEaPSE2Wh8O\" target=\"_blank\">aqu\u00ed en ingl\u00e9s<\/a><\/p>\n\n\n\n<p>Pr\u00f3ximas actualizaciones:<\/p>\n\n\n\n<p>-&gt; Agregar mensaje de voz al reflector WiresX.<br>-&gt; Cuando el cambio a DMR y el cambio a entrada tard\u00eda falla, simplemente presione PTT para recibir.<br>-&gt; Enviar mensajes al sistema APRS-IS y viceversa.<br>-&gt; Env\u00edo de SMS e im\u00e1genes v\u00eda panel y recepci\u00f3n.<br>-&gt; Edici\u00f3n de WIRESX NEWS ALARM a trav\u00e9s del panel de control.<br>-&gt; Arregla el b\u00fafer DV C4FM con silencio cuando no se reciben datos por un tiempo.<\/p>\n\n\n\n<p><strong>**Funcion Especial De BALIZA**<\/strong><\/p>\n\n\n\n<p>By EA7EE: El beacon por defecto que tiene mi voz grabada se guarda en \/usr\/local\/sbin\/beacon.amb<br>Pero tu puedes grabar el tuyo propio y ponerlo en cualquier punto del disco<\/p>\n\n\n\n<p>Un sitio l\u00f3gico es ponerlo en \/home\/pi-star, una vez puesto all\u00ed lo tienes que habilitar con la opci\u00f3n correspondiente en el fichero \/etc\/ysfgateway. Para eso necesitas el editor completo en el dashboard o acceder a trav\u00e9s de SSH y usar el editor nano con sudo delante: sudo nano \/etc\/ysfgateway.<\/p>\n\n\n\n<p>La opci\u00f3n a modificar es BeaconPath=\/home\/pi-star\/mi_beacon.amb<\/p>\n\n\n\n<p>El fichero de beacon se obtiene a trav\u00e9s del emulador HRI-200 que incluye el programa y que permite subir al nodo mensajes de texto, im\u00e1genes y mensajes de voz, siguiendo el m\u00e9todo est\u00e1ndar que aparece en el manual del equipo. La imagen se comporta como un HRI-200 en la gesti\u00f3n de recursos. Para cada equipo la interfaz de usuario es distinta, solo soportado por FT1D, FT2D, FT3D, FTM100,FTM300,FTM400.<\/p>\n\n\n\n<p>Los mensajes de voz que grabes con el sistema estar\u00e1n en \/tmp\/news\/*.amb y al reiniciar se archivar\u00e1n en \/home\/pi-star\/news, o bien los puedes dejar en ese directorio y cambiar la opci\u00f3n BeaconPath o bien copiarlos y renombrarlos a otro directorio.<\/p>\n\n\n\n<p>Para grabar mensajes de voz en el sistema se sigue el procedimiento est\u00e1ndar que est\u00e1 explicado en el manual de usuario, secci\u00f3n avanzada de WiresX. Te lo resumo a continuaci\u00f3n:<\/p>\n\n\n\n<ol class=\"wp-block-list\">\n<li>Conectar con el boton Wires<\/li>\n\n\n\n<li>Una vez conectado entrar en Local News (hay tres tipos de news: news de nodo, local news e international news) en cada equipo se selecciona de forma distinta.<\/li>\n\n\n\n<li>Una vez en Local News seleccionar el \u00fanico nombre que te sale (lo que hayas puesto en Town)<\/li>\n\n\n\n<li>Seleccionar ahora upload<\/li>\n\n\n\n<li>Ahora en algunos equipos (Walkys) pulsar el PTT y hablar. Saldr\u00e1 un mensaje de OK o Fallo.<\/li>\n\n\n\n<li>Equipos moviles seleccionar voice message<\/li>\n\n\n\n<li>Equipos moviles pulsar ptt y hablar. Al soltar saldr\u00e1 un mensaje OK o Fallo.<\/li>\n\n\n\n<li>Si sale fallo reintentar<\/li>\n<\/ol>\n\n\n\n<p><a href=\"https:\/\/radio.xreflector.es\/index.php\/hazte-socio-colaborador-de-x-reflector-spain\">https:\/\/radio.xreflector.es\/index.php\/hazte-socio-colaborador-de-x-reflector-spain<\/a><\/p>\n<p>Visitas: 9552<\/p>","protected":false},"excerpt":{"rendered":"<p>NUEVO* : Tutorial En ESPA\u00d1OL :https:\/\/radio.xreflector.es\/index.php\/configurar-pi-star-ea7ee-y-placa-mmdvm-para-yaesu-fusion-ii-dmr\/ Descarga: Pi-Star_RPi_V4.1.5_08-01-2022-EA7EE-C4FM Changes: Article in English: -&gt; Easy pairing with DMR and other modes (00001 local parrot, 00002 YSF, 00003 FCS, 00004 DMR, 00005 NXDN, 00006 P25) -&gt; Easy reflector change in all modes, just type the reflector number and voila -&gt; List of independent reflectors by mode (pressing [&hellip;]<\/p>\n","protected":false},"author":1,"featured_media":0,"parent":0,"menu_order":0,"comment_status":"closed","ping_status":"closed","template":"","meta":{"footnotes":""},"class_list":["post-265","page","type-page","status-publish","hentry"],"_links":{"self":[{"href":"https:\/\/radio.xreflector.es\/index.php\/wp-json\/wp\/v2\/pages\/265","targetHints":{"allow":["GET"]}}],"collection":[{"href":"https:\/\/radio.xreflector.es\/index.php\/wp-json\/wp\/v2\/pages"}],"about":[{"href":"https:\/\/radio.xreflector.es\/index.php\/wp-json\/wp\/v2\/types\/page"}],"author":[{"embeddable":true,"href":"https:\/\/radio.xreflector.es\/index.php\/wp-json\/wp\/v2\/users\/1"}],"replies":[{"embeddable":true,"href":"https:\/\/radio.xreflector.es\/index.php\/wp-json\/wp\/v2\/comments?post=265"}],"version-history":[{"count":21,"href":"https:\/\/radio.xreflector.es\/index.php\/wp-json\/wp\/v2\/pages\/265\/revisions"}],"predecessor-version":[{"id":3533,"href":"https:\/\/radio.xreflector.es\/index.php\/wp-json\/wp\/v2\/pages\/265\/revisions\/3533"}],"wp:attachment":[{"href":"https:\/\/radio.xreflector.es\/index.php\/wp-json\/wp\/v2\/media?parent=265"}],"curies":[{"name":"wp","href":"https:\/\/api.w.org\/{rel}","templated":true}]}}