{"id":227,"date":"2020-10-12T10:39:28","date_gmt":"2020-10-12T08:39:28","guid":{"rendered":"http:\/\/radio.xreflector.es\/?page_id=227"},"modified":"2024-09-19T20:09:29","modified_gmt":"2024-09-19T18:09:29","slug":"multired-multi-system-multiprotocoll","status":"publish","type":"page","link":"https:\/\/radio.xreflector.es\/index.php\/multired-multi-system-multiprotocoll\/","title":{"rendered":"Multiprotocolo 2140"},"content":{"rendered":"\n<p><strong>Power BY @ea7iyr <a href=\"http:\/\/www.xreflector.es\/\" target=\"_blank\" rel=\"noreferrer noopener\">Xreflector.es<\/a> TM (Todos Los Derechos Reservados)<\/strong><\/p>\n\n\n\n<p>Dashboard:<\/p>\n\n\n\n<p><a href=\"http:\/\/spain.c4fm.es\/\" target=\"_blank\" rel=\"noreferrer noopener\">http:\/\/spain.c4fm.es\/<\/a><\/p>\n\n\n\n<figure class=\"wp-block-image size-full is-resized\"><img loading=\"lazy\" decoding=\"async\" width=\"600\" height=\"321\" src=\"https:\/\/radio.xreflector.es\/wp-content\/uploads\/2024\/09\/ycs-logo_klein.jpg\" alt=\"\" class=\"wp-image-3190\" style=\"width:842px;height:auto\" srcset=\"https:\/\/radio.xreflector.es\/wp-content\/uploads\/2024\/09\/ycs-logo_klein.jpg 600w, https:\/\/radio.xreflector.es\/wp-content\/uploads\/2024\/09\/ycs-logo_klein-300x161.jpg 300w\" sizes=\"auto, (max-width: 600px) 100vw, 600px\" \/><\/figure>\n\n\n\n<p><strong>BrandMeister ESPA\u00d1A est\u00e1 conectado a este grupo (a trav\u00e9s de <a href=\"https:\/\/brandmeister.network\/?page=lh&amp;DestinationID=2140\" target=\"_blank\" rel=\"noreferrer noopener\">TG 2140<\/a> ) y TG 2140 de la red SPANISH DMR + (<a href=\"http:\/\/ipsc2.xreflector.es\/\">servidor IPSC2-EA-HOTSPOT<\/a>). \u00a1\u00a1Una gran oportunidad para QSO con todos los sistemas !!<\/strong><\/p>\n\n\n\n<ul class=\"wp-block-list\">\n<li><strong>YCS224 24 (EA-C4FM-Spain) <a href=\"http:\/\/spain.c4fm.es\/\">http:\/\/spain.c4fm.es\/<\/a><\/strong><\/li>\n\n\n\n<li><strong>IMRS Sistema Conexion Repetidores DR-2X<\/strong><\/li>\n\n\n\n<li><strong>Conexion Mundial DVMatrix <a href=\"http:\/\/dvmatrix.xreflector.net\/#\" target=\"_blank\" rel=\"noreferrer noopener\">http:\/\/dvmatrix.xreflector.net\/<\/a><\/strong><\/li>\n\n\n\n<li><strong>WIRES X SALA 27187<\/strong><\/li>\n\n\n\n<li><strong>YSF 27187 ES-WIRESX<\/strong><\/li>\n\n\n\n<li><strong>BM ESPA\u00d1A 2140<\/strong> <a href=\"https:\/\/brandmeister.network\/?page=lh&amp;DestinationID=2140\" target=\"_blank\" rel=\"noreferrer noopener\">https:\/\/brandmeister.network\/?page=lh&amp;DestinationID=2140<\/a><\/li>\n\n\n\n<li><strong>DMR + 2140 (IPSC2-EA-Hotspot Server)<\/strong><\/li>\n\n\n\n<li><strong>SISTEMA FCS FCS224 24 BY DG1HT<\/strong><\/li>\n\n\n\n<li>REPETIDORES DR-2X Conectados En La Red Mundial YCS<\/li>\n<\/ul>\n\n\n\n<ul class=\"wp-block-list\">\n<li><strong>DVMatrix C4FM Esquema Ejemplo <a href=\"http:\/\/dvmatrix.xreflector.net\/#\" target=\"_blank\" rel=\"noreferrer noopener\">http:\/\/dvmatrix.xreflector.net<\/a><\/strong><\/li>\n<\/ul>\n\n\n<div class=\"wp-block-image\">\n<figure class=\"aligncenter size-large\"><img loading=\"lazy\" decoding=\"async\" width=\"1024\" height=\"724\" src=\"https:\/\/radio.xreflector.es\/wp-content\/uploads\/2024\/09\/ycs_dvmatrix_c4fm-network-1024x724.png\" alt=\"\" class=\"wp-image-3191\" srcset=\"https:\/\/radio.xreflector.es\/wp-content\/uploads\/2024\/09\/ycs_dvmatrix_c4fm-network-1024x724.png 1024w, https:\/\/radio.xreflector.es\/wp-content\/uploads\/2024\/09\/ycs_dvmatrix_c4fm-network-300x212.png 300w, https:\/\/radio.xreflector.es\/wp-content\/uploads\/2024\/09\/ycs_dvmatrix_c4fm-network-768x543.png 768w, https:\/\/radio.xreflector.es\/wp-content\/uploads\/2024\/09\/ycs_dvmatrix_c4fm-network-1536x1086.png 1536w, https:\/\/radio.xreflector.es\/wp-content\/uploads\/2024\/09\/ycs_dvmatrix_c4fm-network-2048x1448.png 2048w\" sizes=\"auto, (max-width: 1024px) 100vw, 1024px\" \/><\/figure>\n<\/div>\n\n\n<ul class=\"wp-block-list\">\n<li><strong>Como Conectarnos Con PI-STAR:<\/strong><\/li>\n<\/ul>\n\n\n\n<ul class=\"wp-block-list\">\n<li><strong>EA7EE *RECOMENDADA* Podemos elegir estar conectados a varias salas al mismo tiempo en las opciones YCS Network Option= 1,24,63,78 y asi todas las que queramos..<\/strong><\/li>\n<\/ul>\n\n\n<div class=\"wp-block-image\">\n<figure class=\"aligncenter size-full\"><img loading=\"lazy\" decoding=\"async\" width=\"840\" height=\"267\" src=\"https:\/\/radio.xreflector.es\/wp-content\/uploads\/2024\/09\/photo_2024-09-19_19-54-22.jpg\" alt=\"\" class=\"wp-image-3193\" srcset=\"https:\/\/radio.xreflector.es\/wp-content\/uploads\/2024\/09\/photo_2024-09-19_19-54-22.jpg 840w, https:\/\/radio.xreflector.es\/wp-content\/uploads\/2024\/09\/photo_2024-09-19_19-54-22-300x95.jpg 300w, https:\/\/radio.xreflector.es\/wp-content\/uploads\/2024\/09\/photo_2024-09-19_19-54-22-768x244.jpg 768w\" sizes=\"auto, (max-width: 840px) 100vw, 840px\" \/><\/figure>\n<\/div>\n\n\n<ul class=\"wp-block-list\">\n<li><strong>PI-STAR ORIGINAL<\/strong><\/li>\n<\/ul>\n\n\n\n<ul class=\"wp-block-list\">\n<li><strong>Solo Acepta Conexion A Un DGID &#8230;<\/strong><\/li>\n<\/ul>\n\n\n<div class=\"wp-block-image\">\n<figure class=\"aligncenter size-full\"><img loading=\"lazy\" decoding=\"async\" width=\"1014\" height=\"141\" src=\"https:\/\/radio.xreflector.es\/wp-content\/uploads\/2024\/09\/photo_2024-09-19_19-23-27.jpg\" alt=\"\" class=\"wp-image-3194\" srcset=\"https:\/\/radio.xreflector.es\/wp-content\/uploads\/2024\/09\/photo_2024-09-19_19-23-27.jpg 1014w, https:\/\/radio.xreflector.es\/wp-content\/uploads\/2024\/09\/photo_2024-09-19_19-23-27-300x42.jpg 300w, https:\/\/radio.xreflector.es\/wp-content\/uploads\/2024\/09\/photo_2024-09-19_19-23-27-768x107.jpg 768w\" sizes=\"auto, (max-width: 1014px) 100vw, 1014px\" \/><\/figure>\n<\/div>\n\n\n<ul class=\"wp-block-list\">\n<li><strong>IMAGENES ADER\/REM<\/strong><\/li>\n<\/ul>\n\n\n\n<ul class=\"wp-block-list\">\n<li><strong>En esta imagen poner como en la foto Startup EA-C4FM-Spain En Option Poner 24 para entrar a la sala 24 y otro numero para la sala corrrespondiente.. si deseas estar en varias salas a la escucha puedes poner como en la imagen de EA7EE varios numeros al mismo tiempo asi: 1,24,50,63,78 <\/strong><\/li>\n<\/ul>\n\n\n<div class=\"wp-block-image\">\n<figure class=\"aligncenter size-large\"><img loading=\"lazy\" decoding=\"async\" width=\"1024\" height=\"329\" src=\"https:\/\/radio.xreflector.es\/wp-content\/uploads\/2024\/09\/ader-1024x329.jpg\" alt=\"\" class=\"wp-image-3195\" srcset=\"https:\/\/radio.xreflector.es\/wp-content\/uploads\/2024\/09\/ader-1024x329.jpg 1024w, https:\/\/radio.xreflector.es\/wp-content\/uploads\/2024\/09\/ader-300x96.jpg 300w, https:\/\/radio.xreflector.es\/wp-content\/uploads\/2024\/09\/ader-768x246.jpg 768w, https:\/\/radio.xreflector.es\/wp-content\/uploads\/2024\/09\/ader.jpg 1412w\" sizes=\"auto, (max-width: 1024px) 100vw, 1024px\" \/><\/figure>\n<\/div>\n\n\n<p><\/p>\n\n\n\n<p><\/p>\n\n\n\n<p>Grupo De Soporte De Telegram:<\/p>\n\n\n\n<p><a href=\"https:\/\/t.me\/eac4fm\" target=\"_blank\" rel=\"noreferrer noopener\"><strong>https:\/\/t.me\/eac4fm<\/strong><\/a><\/p>\n\n\n<div class=\"wp-block-image\">\n<figure class=\"aligncenter size-full\"><img loading=\"lazy\" decoding=\"async\" width=\"640\" height=\"640\" src=\"http:\/\/radio.xreflector.es\/wp-content\/uploads\/2021\/04\/cropped-photo_2020-03-17_18-28-04.jpg\" alt=\"\" class=\"wp-image-2240\" srcset=\"https:\/\/radio.xreflector.es\/wp-content\/uploads\/2021\/04\/cropped-photo_2020-03-17_18-28-04.jpg 640w, https:\/\/radio.xreflector.es\/wp-content\/uploads\/2021\/04\/cropped-photo_2020-03-17_18-28-04-300x300.jpg 300w, https:\/\/radio.xreflector.es\/wp-content\/uploads\/2021\/04\/cropped-photo_2020-03-17_18-28-04-150x150.jpg 150w\" sizes=\"auto, (max-width: 640px) 100vw, 640px\" \/><\/figure>\n<\/div>\n\n\n<p><\/p>\n<p>Visitas: 2538<\/p>","protected":false},"excerpt":{"rendered":"<p>Power BY @ea7iyr Xreflector.es TM (Todos Los Derechos Reservados) Dashboard: http:\/\/spain.c4fm.es\/ BrandMeister ESPA\u00d1A est\u00e1 conectado a este grupo (a trav\u00e9s de TG 2140 ) y TG 2140 de la red SPANISH DMR + (servidor IPSC2-EA-HOTSPOT). \u00a1\u00a1Una gran oportunidad para QSO con todos los sistemas !! Grupo De Soporte De Telegram: https:\/\/t.me\/eac4fm Visitas: 2538<\/p>\n","protected":false},"author":1,"featured_media":0,"parent":0,"menu_order":0,"comment_status":"closed","ping_status":"closed","template":"","meta":{"footnotes":""},"class_list":["post-227","page","type-page","status-publish","hentry"],"_links":{"self":[{"href":"https:\/\/radio.xreflector.es\/index.php\/wp-json\/wp\/v2\/pages\/227","targetHints":{"allow":["GET"]}}],"collection":[{"href":"https:\/\/radio.xreflector.es\/index.php\/wp-json\/wp\/v2\/pages"}],"about":[{"href":"https:\/\/radio.xreflector.es\/index.php\/wp-json\/wp\/v2\/types\/page"}],"author":[{"embeddable":true,"href":"https:\/\/radio.xreflector.es\/index.php\/wp-json\/wp\/v2\/users\/1"}],"replies":[{"embeddable":true,"href":"https:\/\/radio.xreflector.es\/index.php\/wp-json\/wp\/v2\/comments?post=227"}],"version-history":[{"count":30,"href":"https:\/\/radio.xreflector.es\/index.php\/wp-json\/wp\/v2\/pages\/227\/revisions"}],"predecessor-version":[{"id":3200,"href":"https:\/\/radio.xreflector.es\/index.php\/wp-json\/wp\/v2\/pages\/227\/revisions\/3200"}],"wp:attachment":[{"href":"https:\/\/radio.xreflector.es\/index.php\/wp-json\/wp\/v2\/media?parent=227"}],"curies":[{"name":"wp","href":"https:\/\/api.w.org\/{rel}","templated":true}]}}