{"id":1885,"date":"2022-06-30T21:23:18","date_gmt":"2022-06-30T19:23:18","guid":{"rendered":"http:\/\/radio.xreflector.es\/?page_id=1885"},"modified":"2022-06-30T21:23:26","modified_gmt":"2022-06-30T19:23:26","slug":"peanut-code","status":"publish","type":"page","link":"https:\/\/radio.xreflector.es\/index.php\/peanut-code\/","title":{"rendered":"*PEANUT CODE*"},"content":{"rendered":"\n<ul class=\"wp-block-list\"><li><strong>Pide Tu Codigo De Peanut Aqui En Un Minuto!!!<\/strong><\/li><\/ul>\n\n\n\n<p><strong>\u00a1Tu solicitud puede demorar 24 horas como m\u00e1ximo! \u00a1No hagas m\u00faltiples solicitudes! Si no recibe un c\u00f3digo dentro de las 24 horas, env\u00ede un correo electr\u00f3nico a Peanut@pa7lim.nl y adjunte una copia de su licencia en su correo electr\u00f3nico. \u00a1Peanut es solo para radioaficionados con licencia!<\/strong><\/p>\n\n\n<div class=\"wp-block-image\">\n<figure class=\"aligncenter size-large\"><img loading=\"lazy\" decoding=\"async\" width=\"1024\" height=\"541\" src=\"http:\/\/radio.xreflector.es\/wp-content\/uploads\/2022\/06\/Sin-titulo-1024x541.jpg\" alt=\"\" class=\"wp-image-1886\" srcset=\"https:\/\/radio.xreflector.es\/wp-content\/uploads\/2022\/06\/Sin-titulo-1024x541.jpg 1024w, https:\/\/radio.xreflector.es\/wp-content\/uploads\/2022\/06\/Sin-titulo-300x159.jpg 300w, https:\/\/radio.xreflector.es\/wp-content\/uploads\/2022\/06\/Sin-titulo-768x406.jpg 768w, https:\/\/radio.xreflector.es\/wp-content\/uploads\/2022\/06\/Sin-titulo.jpg 1186w\" sizes=\"auto, (max-width: 1024px) 100vw, 1024px\" \/><\/figure>\n<\/div>\n\n\n<ul class=\"wp-block-list\"><li><a rel=\"noreferrer noopener\" href=\"https:\/\/register.peanut.network\/\" target=\"_blank\"><strong>Para Pedir Tu Codigo Hazlo Aqui:  https:\/\/register.peanut.network\/<\/strong><\/a><\/li><\/ul>\n\n\n\n<p><strong>\u00bfTiene alg\u00fan problema con el registro (debido a spam) info: peanut@pa7lim.nl<\/strong><\/p>\n\n\n\n<p><strong>Si Necesitas Soporte o Ayuda en ESPA\u00d1OL Puedes Escribir : europelink@c4fm.es<\/strong><\/p>\n<p>Visitas: 1355<\/p>","protected":false},"excerpt":{"rendered":"<p>Pide Tu Codigo De Peanut Aqui En Un Minuto!!! \u00a1Tu solicitud puede demorar 24 horas como m\u00e1ximo! \u00a1No hagas m\u00faltiples solicitudes! Si no recibe un c\u00f3digo dentro de las 24 horas, env\u00ede un correo electr\u00f3nico a Peanut@pa7lim.nl y adjunte una copia de su licencia en su correo electr\u00f3nico. \u00a1Peanut es solo para radioaficionados con licencia! [&hellip;]<\/p>\n","protected":false},"author":1,"featured_media":158,"parent":0,"menu_order":0,"comment_status":"closed","ping_status":"closed","template":"","meta":{"footnotes":""},"class_list":["post-1885","page","type-page","status-publish","has-post-thumbnail","hentry"],"_links":{"self":[{"href":"https:\/\/radio.xreflector.es\/index.php\/wp-json\/wp\/v2\/pages\/1885","targetHints":{"allow":["GET"]}}],"collection":[{"href":"https:\/\/radio.xreflector.es\/index.php\/wp-json\/wp\/v2\/pages"}],"about":[{"href":"https:\/\/radio.xreflector.es\/index.php\/wp-json\/wp\/v2\/types\/page"}],"author":[{"embeddable":true,"href":"https:\/\/radio.xreflector.es\/index.php\/wp-json\/wp\/v2\/users\/1"}],"replies":[{"embeddable":true,"href":"https:\/\/radio.xreflector.es\/index.php\/wp-json\/wp\/v2\/comments?post=1885"}],"version-history":[{"count":2,"href":"https:\/\/radio.xreflector.es\/index.php\/wp-json\/wp\/v2\/pages\/1885\/revisions"}],"predecessor-version":[{"id":1888,"href":"https:\/\/radio.xreflector.es\/index.php\/wp-json\/wp\/v2\/pages\/1885\/revisions\/1888"}],"wp:featuredmedia":[{"embeddable":true,"href":"https:\/\/radio.xreflector.es\/index.php\/wp-json\/wp\/v2\/media\/158"}],"wp:attachment":[{"href":"https:\/\/radio.xreflector.es\/index.php\/wp-json\/wp\/v2\/media?parent=1885"}],"curies":[{"name":"wp","href":"https:\/\/api.w.org\/{rel}","templated":true}]}}