{"id":177,"date":"2020-10-11T17:11:54","date_gmt":"2020-10-11T15:11:54","guid":{"rendered":"http:\/\/radio.xreflector.es\/?page_id=177"},"modified":"2020-10-11T17:12:01","modified_gmt":"2020-10-11T15:12:01","slug":"dmr-ipcs2","status":"publish","type":"page","link":"https:\/\/radio.xreflector.es\/index.php\/dmr-ipcs2\/","title":{"rendered":"DMR+ IPCS2"},"content":{"rendered":"\n<div class=\"wp-block-image\"><figure class=\"aligncenter size-large\"><img loading=\"lazy\" decoding=\"async\" width=\"479\" height=\"333\" src=\"http:\/\/radio.xreflector.es\/wp-content\/uploads\/2020\/10\/dmr-plus2-1.png\" alt=\"\" class=\"wp-image-178\" srcset=\"https:\/\/radio.xreflector.es\/wp-content\/uploads\/2020\/10\/dmr-plus2-1.png 479w, https:\/\/radio.xreflector.es\/wp-content\/uploads\/2020\/10\/dmr-plus2-1-300x209.png 300w\" sizes=\"auto, (max-width: 479px) 100vw, 479px\" \/><\/figure><\/div>\n\n\n\n<p>El sistema IPSC2 fue desarrollado por radioaficionados y ofrece con sus servidores IPSC2 y servidores bMaster + una red DMR independiente que abarca todo el mundo, con numerosos futuros innovadores.<\/p>\n\n\n\n<p>Todos los tipos de repetidores y puntos de acceso (utilizando el protocolo Motorola, Hytera o MMDVM) se pueden conectar directamente a los servidores IPSC2 y as\u00ed disfrutar del soporte y la funcionalidad completos de la red IPSC2.<br>El uso de puentes o software adicionales (HBLink, c-Bridge, etc\u2026) que puedan restringir el uso de las funciones innovadoras del servidor IPSC2 no son necesarios y no se recomiendan para conectar los repetidores o hotspots. Preferir\u00edan ser una pared entre el repetidor y el servidor IPSC2.<\/p>\n\n\n\n<p>Los sistemas de repetidores conectados directamente (Motorola, Hytera, MMDVM) pueden configurar grupos de conversaci\u00f3n est\u00e1ticos, reflectores y otras funciones interesantes en cualquier momento por el servidor IPSC2 de forma independiente. Esto es compatible con la ayuda de la denominada \u00abbase de datos Sysop\u00bb, a la que se puede acceder en l\u00ednea.<br>Los operadores de sistemas de repetidores basados \u200b\u200ben MMDVM y puntos de acceso privados pueden incluso establecer estas configuraciones directamente en su software utilizando los par\u00e1metros espec\u00edficos \u201cOptions =\u201d de MMDVM.<\/p>\n\n\n\n<p> Ejemplos de esto son MMDVMHost, PiStar, DV4mini, OpenSpot, etc.<br>Todos los dem\u00e1s grupos de conversaci\u00f3n, que no est\u00e1n reservados de forma est\u00e1tica, pueden ser activados din\u00e1micamente por los usuarios en cualquier momento si es necesario. Se pueden activar hasta 10 grupos de conversaci\u00f3n al mismo tiempo por cada intervalo de tiempo. Si no se utilizan, los grupos de conversaci\u00f3n din\u00e1micos se desactivan despu\u00e9s de 10 minutos.<\/p>\n\n\n\n<p>La independencia, la flexibilidad, la estabilidad y las estructuras claramente reconocibles para el usuario son parte de las palabras clave que dan forma a la comunidad de la red global IPSC2.<\/p>\n\n\n\n<p>Los paneles de control claramente estructurados y claros informan a los usuarios sobre los clientes conectados (repetidores \/ puntos de acceso) y, al mismo tiempo, muestran las actividades en grupos de conversaci\u00f3n y reflectores de una manera f\u00e1cilmente reconocible en tiempo real.<\/p>\n\n\n\n<p>El coraz\u00f3n del servidor IPSC2 es una \u201cmatriz\u201d intuitiva, que permite configuraciones individuales de grupos de conversaci\u00f3n basadas en ideas regionales por intervalo de tiempo. La matriz tambi\u00e9n permite que el sistema IPSC2, adem\u00e1s de los grupos de conversaci\u00f3n en todo el mundo, cree grupos de conversaci\u00f3n locales adicionales si es necesario, que solo est\u00e1n disponibles en el respectivo IPSC2.<\/p>\n\n\n\n<p>El servidor IPSC2 logra su fuerza a trav\u00e9s del innovador bMaster + Routing, que representa la conexi\u00f3n a la red IPSC2 mundial.<br>Adem\u00e1s de los grupos de conversaci\u00f3n (separados por intervalos de tiempo) y reflectores, tambi\u00e9n se intercambian datos de roaming, llamadas privadas y mensajes de texto. El bMaster + Routing de autoaprendizaje y ahorro de recursos asegura un nivel muy alto de confiabilidad y estabilidad, al mismo tiempo que ofrece redundancias y opciones adicionales para desarrollos futuros.<br>El bMaster + Routing ya ofrece a los sysops mucha m\u00e1s flexibilidad que el software de enrutamiento conocido (c-Bridge,\u2026).<\/p>\n\n\n\n<p>Varias interfaces del servidor IPSC2 permiten a los repetidores y puntos de acceso conectados directamente transmitir balizas GPS a mensajes aprs.fi o DAPNET en tiempo real. Utilizando varias direcciones de destino, los usuarios pueden utilizar su equipo de radio para controlar qu\u00e9 pictogramas deben aparecer las balizas GPS en aprs.fi (casa, m\u00f3vil, coche, corredor,\u2026).<\/p>\n\n\n\n<p>El servidor IPSC2 desarrollado por radioaficionados tambi\u00e9n admite conexiones opcionales a otros sistemas DV, como D-Star (servidor XLX) y C4FM (servidor YCS). Los diferentes protocolos de Interlink (XLX, YCS, CC-CC,\u2026) permiten conexiones fijas a salas individuales de los sistemas DV correspondientes si es necesario. Con la ayuda de la matriz del servidor IPSC2, cada conexi\u00f3n de interconexi\u00f3n puede asignarse a un grupo de conversaci\u00f3n independiente y, por lo tanto, est\u00e1 disponible para cada repetidor y punto de acceso.<\/p>\n\n\n\n<p>Los desarrolladores de Brandmeister e IPSC2 discutieron una cooperaci\u00f3n de la cooperaci\u00f3n t\u00e9cnica en el Hamradio 2018 en el stand de \u00d6VSV. El resultado es el protocolo OpenBridge r\u00e1pido y abierto, que permite el intercambio de grupos de conversaci\u00f3n (TG), llamadas privadas (PC) y mensajes de texto (TMS) entre IPSC2 y Brandmeister-Network. El OpenBridge fue puesto en funcionamiento por los sysops de los servidores IPSC2 y Brandmeister, lo que ya se esperaba en Austria, Alemania, Italia y otros pa\u00edses. Sobre la base de acuerdos y reglas conjuntos, ambas redes ahora pueden ofrecer a sus usuarios una comunicaci\u00f3n abierta y entre redes con la ayuda de grupos de conversaci\u00f3n comunes seleccionados.<\/p>\n\n\n\n<p>Gracias a las ideas de la comunidad IPSC2 global, el servidor IPSC2, como servidor maestro de la red IPSC2, ofrece numerosas funciones y soporte para repetidores y hotspots conectados directamente. Los protocolos de interconexi\u00f3n permiten opciones de conexi\u00f3n opcionales a salas espec\u00edficas de otros sistemas DV utilizados por radioaficionados.<\/p>\n\n\n\n<p>Opciones = par\u00e1metro para clientes MMDVM<br><br>Los operadores de sistemas de clientes MMDVM (repetidores \/ puntos de acceso) pueden informar al IPSC2 de sus grupos de conversaci\u00f3n est\u00e1ticos deseados, StartReflector y otras configuraciones al iniciar sesi\u00f3n con los par\u00e1metros Options =.<br>Los par\u00e1metros Options = se transmiten al IPSC2 cada vez que el cliente MMDVM inicia sesi\u00f3n.<br>Las opciones de configuraci\u00f3n adecuadas se pueden encontrar en cada software MMDVM (MMDVM.ini, DMRGateway.ini, DV4mini, PiStar,\u2026).<br><br><br>La l\u00ednea de par\u00e1metro Options = tiene la siguiente estructura:<\/p>\n\n\n\n<pre class=\"wp-block-preformatted\">Options=StartRef=4010;RelinkTime=30;UserLink=1;CQWW=1;TS1_1=262;TS1_2=110;TS1_3=1;TS1_4=20;TS1_5=0;TS2_1=2628;TS2_2=2627;TS2_3=0;TS2_4=0;TS2_5=0;\n<strong>\n<\/strong>-<strong>Significado de los par\u00e1metros:\n-StartRef = 4xxx \u2192 StartReflector deseado (4000 \u2192 sin StartReflector)\n-RelinkTime = Tiempo en minutos despu\u00e9s del cual el -StartReflector se vuelve a conectar (despu\u00e9s de un cambio manual de reflector por parte del usuario)\n-UserLink = Los usuarios no pueden cambiar reflectores (0)\nLos usuarios pueden cambiar los reflectores (1)\n-CQWW = Opci\u00f3n de exclusi\u00f3n \/ suscripci\u00f3n de la funci\u00f3n CQWW (0\/1)\n-TS1_1 = primer grupo de conversaci\u00f3n reservado est\u00e1ticamente en el intervalo de tiempo 1\n-TS1_2 = segundo grupo de conversaci\u00f3n reservado est\u00e1ticamente en el intervalo de tiempo 1\n-TS1_9 = noveno grupo de conversaci\u00f3n reservado est\u00e1ticamente en el intervalo de tiempo 1\n-TS2_1 = primer grupo de conversaci\u00f3n reservado est\u00e1ticamente en el intervalo de tiempo 2\n-TS2_2 = segundo grupo de conversaci\u00f3n reservado est\u00e1ticamente en el intervalo de tiempo 2\n-TS2_9 = noveno grupo de conversaci\u00f3n reservado est\u00e1ticamente en el intervalo de tiempo 2\nPreste atenci\u00f3n a la sintaxis correcta y que entre cada par\u00e1metro debe haber un punto y coma (;), \u00a1tambi\u00e9n al final de la l\u00ednea!\nSi TSx_x = no se usa, ingrese \"0\": Ejemplo: TS2_2 = 0;\nSe puede configurar un m\u00e1ximo de 9 grupos de conversaci\u00f3n est\u00e1ticos en el intervalo de tiempo 1, 9 grupos de conversaci\u00f3n en el intervalo de tiempo 2 y un reflector de inicio al mismo tiempo.<\/strong>\n<\/pre>\n<p>Visitas: 1505<\/p>","protected":false},"excerpt":{"rendered":"<p>El sistema IPSC2 fue desarrollado por radioaficionados y ofrece con sus servidores IPSC2 y servidores bMaster + una red DMR independiente que abarca todo el mundo, con numerosos futuros innovadores. Todos los tipos de repetidores y puntos de acceso (utilizando el protocolo Motorola, Hytera o MMDVM) se pueden conectar directamente a los servidores IPSC2 y [&hellip;]<\/p>\n","protected":false},"author":1,"featured_media":0,"parent":0,"menu_order":0,"comment_status":"closed","ping_status":"closed","template":"","meta":{"footnotes":""},"class_list":["post-177","page","type-page","status-publish","hentry"],"_links":{"self":[{"href":"https:\/\/radio.xreflector.es\/index.php\/wp-json\/wp\/v2\/pages\/177","targetHints":{"allow":["GET"]}}],"collection":[{"href":"https:\/\/radio.xreflector.es\/index.php\/wp-json\/wp\/v2\/pages"}],"about":[{"href":"https:\/\/radio.xreflector.es\/index.php\/wp-json\/wp\/v2\/types\/page"}],"author":[{"embeddable":true,"href":"https:\/\/radio.xreflector.es\/index.php\/wp-json\/wp\/v2\/users\/1"}],"replies":[{"embeddable":true,"href":"https:\/\/radio.xreflector.es\/index.php\/wp-json\/wp\/v2\/comments?post=177"}],"version-history":[{"count":1,"href":"https:\/\/radio.xreflector.es\/index.php\/wp-json\/wp\/v2\/pages\/177\/revisions"}],"predecessor-version":[{"id":180,"href":"https:\/\/radio.xreflector.es\/index.php\/wp-json\/wp\/v2\/pages\/177\/revisions\/180"}],"wp:attachment":[{"href":"https:\/\/radio.xreflector.es\/index.php\/wp-json\/wp\/v2\/media?parent=177"}],"curies":[{"name":"wp","href":"https:\/\/api.w.org\/{rel}","templated":true}]}}